{"id":936,"date":"2018-07-28T07:53:14","date_gmt":"2018-07-28T07:53:14","guid":{"rendered":"http:\/\/demo.casethemes.net\/unfinityplus-app\/?page_id=37"},"modified":"2022-10-07T14:46:00","modified_gmt":"2022-10-07T14:46:00","slug":"blog","status":"publish","type":"page","link":"https:\/\/iplastdr.com\/en\/blog\/","title":{"rendered":"Blog"},"content":{"rendered":"<section class=\"wpb-content-wrapper\"><div class=\"vc_row wpb_row vc_row-fluid bg-image-ps-inherit\"><div class=\"wpb_column vc_column_container vc_col-sm-12\"><div class=\"vc_column-inner\"><div class=\"wpb_wrapper\">\n<div class=\"vc_grid-container-wrapper vc_clearfix vc_grid-animation-fadeIn\">\n\t<div class=\"vc_grid-container vc_clearfix wpb_content_element vc_basic_grid\" data-initial-loading-animation=\"fadeIn\" data-vc-grid-settings=\"{&quot;page_id&quot;:936,&quot;style&quot;:&quot;all&quot;,&quot;action&quot;:&quot;vc_get_vc_grid_data&quot;,&quot;shortcode_id&quot;:&quot;1665153948021-25648979-c7fb-3&quot;,&quot;tag&quot;:&quot;vc_basic_grid&quot;}\" data-vc-request=\"https:\/\/iplastdr.com\/wp-admin\/admin-ajax.php\" data-vc-post-id=\"936\" data-vc-public-nonce=\"46637bd311\">\n\t\t<style data-type=\"vc_shortcodes-custom-css\">.vc_custom_1419240516480{background-color: #f9f9f9 !important;}<\/style><div class=\"vc_grid vc_row vc_grid-gutter-30px vc_pageable-wrapper vc_hook_hover\" data-vc-pageable-content=\"true\"><div class=\"vc_pageable-slide-wrapper vc_clearfix\" data-vc-grid-content=\"true\"><div class=\"vc_grid-item vc_clearfix vc_col-sm-4 vc_grid-item-zone-c-bottom\"><div class=\"vc_grid-item-mini vc_clearfix\"><div class=\"vc_gitem-animated-block\" ><div class=\"vc_gitem-zone vc_gitem-zone-a vc-gitem-zone-height-mode-auto vc-gitem-zone-height-mode-auto-1-1 vc_gitem-is-link\" style=\"background-image: url('https:\/\/iplastdr.com\/wp-content\/uploads\/2024\/07\/calculo-del-imc-indica-de-masa-corporal-tratamiento-obesidad-o-sobrepeso.jpg-800x525.webp') !important;\"><a href=\"https:\/\/iplastdr.com\/en\/2024\/07\/23\/importancia-del-imc-y-cirugia-plastica\/\" title=\"The Importance of BMI and Plastic Surgery.\" class=\"vc_gitem-link vc-zone-link\" ><\/a><img decoding=\"async\" src=\"https:\/\/iplastdr.com\/wp-content\/uploads\/2024\/07\/calculo-del-imc-indica-de-masa-corporal-tratamiento-obesidad-o-sobrepeso.jpg-800x525.webp\" class=\"vc_gitem-zone-img\" alt=\"Importancia del IMC y cirug\u00eda pl\u00e1stica.\"><div class=\"vc_gitem-zone-mini\"><\/div><\/div><\/div><div class=\"vc_gitem-zone vc_gitem-zone-c vc_custom_1419240516480\"><div class=\"vc_gitem-zone-mini\"><div class=\"vc_gitem_row vc_row vc_gitem-row-position-top\"><div class=\"vc_col-sm-12 vc_gitem-col vc_gitem-col-align-\"><div class=\"vc_custom_heading vc_gitem-post-data vc_gitem-post-data-source-post_title\" ><h4 style=\"text-align: left\" >The Importance of BMI and Plastic Surgery.<\/h4><\/div><div class=\"vc_custom_heading vc_gitem-post-data vc_gitem-post-data-source-post_excerpt\" ><p style=\"text-align: left\" ><p>The Body Mass Index (BMI) is an indicator used to assess whether a person is at a healthy weight based on their height. In the context of plastic surgery, BMI plays a crucial role in assessing a patient&#039;s suitability for certain procedures. Understanding the relationship between [\u2026]<\/p>\n<\/p><\/div><div class=\"vc_btn3-container vc_btn3-left\"><a class=\"vc_general vc_btn3 vc_btn3-size-md vc_btn3-shape-rounded vc_btn3-style-flat vc_btn3-color-juicy-pink\" a href=\"https:\/\/iplastdr.com\/en\/2024\/07\/23\/importancia-del-imc-y-cirugia-plastica\/\" title=\"Read more\">Read more<\/a><\/div><\/div><\/div><\/div><\/div><\/div><div class=\"vc_clearfix\"><\/div><\/div><div class=\"vc_grid-item vc_clearfix vc_col-sm-4 vc_grid-item-zone-c-bottom\"><div class=\"vc_grid-item-mini vc_clearfix\"><div class=\"vc_gitem-animated-block\" ><div class=\"vc_gitem-zone vc_gitem-zone-a vc-gitem-zone-height-mode-auto vc-gitem-zone-height-mode-auto-1-1 vc_gitem-is-link\" style=\"background-image: url('https:\/\/iplastdr.com\/wp-content\/uploads\/2024\/07\/pexels-pavel-danilyuk-7108344-980x525.webp') !important;\"><a href=\"https:\/\/iplastdr.com\/en\/2024\/07\/23\/importancia-de-las-evaluaciones-medicas-antes-de-cirugia-plastica\/\" title=\"The importance of medical evaluations before plastic surgery.\" class=\"vc_gitem-link vc-zone-link\" ><\/a><img decoding=\"async\" src=\"https:\/\/iplastdr.com\/wp-content\/uploads\/2024\/07\/pexels-pavel-danilyuk-7108344-980x525.webp\" class=\"vc_gitem-zone-img\" alt=\"Importancia de las evaluaciones m\u00e9dicas antes de cirug\u00eda pl\u00e1stica.\"><div class=\"vc_gitem-zone-mini\"><\/div><\/div><\/div><div class=\"vc_gitem-zone vc_gitem-zone-c vc_custom_1419240516480\"><div class=\"vc_gitem-zone-mini\"><div class=\"vc_gitem_row vc_row vc_gitem-row-position-top\"><div class=\"vc_col-sm-12 vc_gitem-col vc_gitem-col-align-\"><div class=\"vc_custom_heading vc_gitem-post-data vc_gitem-post-data-source-post_title\" ><h4 style=\"text-align: left\" >The importance of medical evaluations before plastic surgery.<\/h4><\/div><div class=\"vc_custom_heading vc_gitem-post-data vc_gitem-post-data-source-post_excerpt\" ><p style=\"text-align: left\" ><p>Plastic surgery is a procedure that involves modifications to the physical structure with the goal of improving aesthetic appearance. Before undergoing any type of plastic surgery, it is essential to undergo thorough medical evaluations to ensure the safety and success of the procedure. These evaluations are a crucial part of the process and their [\u2026]<\/p>\n<\/p><\/div><div class=\"vc_btn3-container vc_btn3-left\"><a class=\"vc_general vc_btn3 vc_btn3-size-md vc_btn3-shape-rounded vc_btn3-style-flat vc_btn3-color-juicy-pink\" a href=\"https:\/\/iplastdr.com\/en\/2024\/07\/23\/importancia-de-las-evaluaciones-medicas-antes-de-cirugia-plastica\/\" title=\"Read more\">Read more<\/a><\/div><\/div><\/div><\/div><\/div><\/div><div class=\"vc_clearfix\"><\/div><\/div><div class=\"vc_grid-item vc_clearfix vc_col-sm-4 vc_grid-item-zone-c-bottom\"><div class=\"vc_grid-item-mini vc_clearfix\"><div class=\"vc_gitem-animated-block\" ><div class=\"vc_gitem-zone vc_gitem-zone-a vc-gitem-zone-height-mode-auto vc-gitem-zone-height-mode-auto-1-1 vc_gitem-is-link\" style=\"background-image: url('https:\/\/iplastdr.com\/wp-content\/uploads\/2024\/07\/pexels-pavel-danilyuk-6417915-980x525.webp') !important;\"><a href=\"https:\/\/iplastdr.com\/en\/2024\/07\/23\/la-cirugia-plastica-y-la-autoestima\/\" title=\"The plastic surgery and self-esteem\" class=\"vc_gitem-link vc-zone-link\" ><\/a><img decoding=\"async\" src=\"https:\/\/iplastdr.com\/wp-content\/uploads\/2024\/07\/pexels-pavel-danilyuk-6417915-980x525.webp\" class=\"vc_gitem-zone-img\" alt=\"La cirug\u00eda pl\u00e1stica y la autoestima.\"><div class=\"vc_gitem-zone-mini\"><\/div><\/div><\/div><div class=\"vc_gitem-zone vc_gitem-zone-c vc_custom_1419240516480\"><div class=\"vc_gitem-zone-mini\"><div class=\"vc_gitem_row vc_row vc_gitem-row-position-top\"><div class=\"vc_col-sm-12 vc_gitem-col vc_gitem-col-align-\"><div class=\"vc_custom_heading vc_gitem-post-data vc_gitem-post-data-source-post_title\" ><h4 style=\"text-align: left\" >The plastic surgery and self-esteem<\/h4><\/div><div class=\"vc_custom_heading vc_gitem-post-data vc_gitem-post-data-source-post_excerpt\" ><p style=\"text-align: left\" ><p>In today&#039;s society, plastic surgery has taken on an important role in personal care and the perception of beauty. Many people turn to cosmetic procedures to improve their physical appearance and, consequently, their self-esteem. However, the relationship between plastic surgery and self-esteem is a topic [\u2026]<\/p>\n<\/p><\/div><div class=\"vc_btn3-container vc_btn3-left\"><a class=\"vc_general vc_btn3 vc_btn3-size-md vc_btn3-shape-rounded vc_btn3-style-flat vc_btn3-color-juicy-pink\" a href=\"https:\/\/iplastdr.com\/en\/2024\/07\/23\/la-cirugia-plastica-y-la-autoestima\/\" title=\"Read more\">Read more<\/a><\/div><\/div><\/div><\/div><\/div><\/div><div class=\"vc_clearfix\"><\/div><\/div><div class=\"vc_grid-item vc_clearfix vc_col-sm-4 vc_grid-item-zone-c-bottom\"><div class=\"vc_grid-item-mini vc_clearfix\"><div class=\"vc_gitem-animated-block\" ><div class=\"vc_gitem-zone vc_gitem-zone-a vc-gitem-zone-height-mode-auto vc-gitem-zone-height-mode-auto-1-1 vc_gitem-is-link\" style=\"background-image: url('https:\/\/iplastdr.com\/wp-content\/uploads\/2022\/10\/Abdominoplastia-FILEminimizer-980x525.jpg') !important;\"><a href=\"https:\/\/iplastdr.com\/en\/2022\/10\/02\/los-beneficios-de-hacerse-una-liposuccion\/\" title=\"Benefits of having liposuction\" class=\"vc_gitem-link vc-zone-link\" ><\/a><img decoding=\"async\" src=\"https:\/\/iplastdr.com\/wp-content\/uploads\/2022\/10\/Abdominoplastia-FILEminimizer-980x525.jpg\" class=\"vc_gitem-zone-img\" alt=\"Los beneficios de hacerse una liposucci\u00f3n\"><div class=\"vc_gitem-zone-mini\"><\/div><\/div><\/div><div class=\"vc_gitem-zone vc_gitem-zone-c vc_custom_1419240516480\"><div class=\"vc_gitem-zone-mini\"><div class=\"vc_gitem_row vc_row vc_gitem-row-position-top\"><div class=\"vc_col-sm-12 vc_gitem-col vc_gitem-col-align-\"><div class=\"vc_custom_heading vc_gitem-post-data vc_gitem-post-data-source-post_title\" ><h4 style=\"text-align: left\" >Benefits of having liposuction<\/h4><\/div><div class=\"vc_custom_heading vc_gitem-post-data vc_gitem-post-data-source-post_excerpt\" ><p style=\"text-align: left\" ><p>What are the advantages of liposuction? Liposuction is one of the most demanded aesthetic procedures today, it is an intervention extended throughout the world, and is usually performed by both men and women. It is a cosmetic surgery that is performed through cannulas, in order to extract fat [...]<\/p>\n<\/p><\/div><div class=\"vc_btn3-container vc_btn3-left\"><a class=\"vc_general vc_btn3 vc_btn3-size-md vc_btn3-shape-rounded vc_btn3-style-flat vc_btn3-color-juicy-pink\" a href=\"https:\/\/iplastdr.com\/en\/2022\/10\/02\/los-beneficios-de-hacerse-una-liposuccion\/\" title=\"Read more\">Read more<\/a><\/div><\/div><\/div><\/div><\/div><\/div><div class=\"vc_clearfix\"><\/div><\/div><div class=\"vc_grid-item vc_clearfix vc_col-sm-4 vc_grid-item-zone-c-bottom\"><div class=\"vc_grid-item-mini vc_clearfix\"><div class=\"vc_gitem-animated-block\" ><div class=\"vc_gitem-zone vc_gitem-zone-a vc-gitem-zone-height-mode-auto vc-gitem-zone-height-mode-auto-1-1 vc_gitem-is-link\" style=\"background-image: url('https:\/\/iplastdr.com\/wp-content\/uploads\/2022\/10\/abdomenacero.jpg') !important;\"><a href=\"https:\/\/iplastdr.com\/en\/2022\/10\/02\/beneficios-de-la-cirugia-estetica-de-abdomen\/\" title=\"Benefits of tummy tuck surgery\" class=\"vc_gitem-link vc-zone-link\" ><\/a><img decoding=\"async\" src=\"https:\/\/iplastdr.com\/wp-content\/uploads\/2022\/10\/abdomenacero.jpg\" class=\"vc_gitem-zone-img\" alt=\"Beneficios de la cirug\u00eda est\u00e9tica de abdomen\"><div class=\"vc_gitem-zone-mini\"><\/div><\/div><\/div><div class=\"vc_gitem-zone vc_gitem-zone-c vc_custom_1419240516480\"><div class=\"vc_gitem-zone-mini\"><div class=\"vc_gitem_row vc_row vc_gitem-row-position-top\"><div class=\"vc_col-sm-12 vc_gitem-col vc_gitem-col-align-\"><div class=\"vc_custom_heading vc_gitem-post-data vc_gitem-post-data-source-post_title\" ><h4 style=\"text-align: left\" >Benefits of tummy tuck surgery<\/h4><\/div><div class=\"vc_custom_heading vc_gitem-post-data vc_gitem-post-data-source-post_excerpt\" ><p style=\"text-align: left\" ><p>Benefits of tummy tuck surgery As we anticipated at the beginning, the results of abdominoplasty are not only aesthetic, because by reinforcing the abdominal wall it is possible to balance the entire torso, reduce the risk of certain diseases and improve sexual function. We are talking, then, of notable benefits for health, physical appearance and [\u2026]<\/p>\n<\/p><\/div><div class=\"vc_btn3-container vc_btn3-left\"><a class=\"vc_general vc_btn3 vc_btn3-size-md vc_btn3-shape-rounded vc_btn3-style-flat vc_btn3-color-juicy-pink\" a href=\"https:\/\/iplastdr.com\/en\/2022\/10\/02\/beneficios-de-la-cirugia-estetica-de-abdomen\/\" title=\"Read more\">Read more<\/a><\/div><\/div><\/div><\/div><\/div><\/div><div class=\"vc_clearfix\"><\/div><\/div><div class=\"vc_grid-item vc_clearfix vc_col-sm-4 vc_grid-item-zone-c-bottom\"><div class=\"vc_grid-item-mini vc_clearfix\"><div class=\"vc_gitem-animated-block\" ><div class=\"vc_gitem-zone vc_gitem-zone-a vc-gitem-zone-height-mode-auto vc-gitem-zone-height-mode-auto-1-1 vc_gitem-is-link\" style=\"background-image: url('https:\/\/iplastdr.com\/wp-content\/uploads\/2022\/10\/recuperacion-aumento-de-pecho-drmolto.jpg') !important;\"><a href=\"https:\/\/iplastdr.com\/en\/2022\/10\/02\/beneficios-de-una-operacion-de-aumento-de-mamas\/\" title=\"Benefits of a breast augmentation operation\" class=\"vc_gitem-link vc-zone-link\" ><\/a><img decoding=\"async\" src=\"https:\/\/iplastdr.com\/wp-content\/uploads\/2022\/10\/recuperacion-aumento-de-pecho-drmolto.jpg\" class=\"vc_gitem-zone-img\" alt=\"Beneficios de una operaci\u00f3n de aumento de mamas\"><div class=\"vc_gitem-zone-mini\"><\/div><\/div><\/div><div class=\"vc_gitem-zone vc_gitem-zone-c vc_custom_1419240516480\"><div class=\"vc_gitem-zone-mini\"><div class=\"vc_gitem_row vc_row vc_gitem-row-position-top\"><div class=\"vc_col-sm-12 vc_gitem-col vc_gitem-col-align-\"><div class=\"vc_custom_heading vc_gitem-post-data vc_gitem-post-data-source-post_title\" ><h4 style=\"text-align: left\" >Benefits of a breast augmentation operation<\/h4><\/div><div class=\"vc_custom_heading vc_gitem-post-data vc_gitem-post-data-source-post_excerpt\" ><p style=\"text-align: left\" ><p>Benefits of a breast augmentation operation Breasts that are more proportionate to your figure: this is the main aesthetic improvement that occurs. Not only because the breast is more voluminous and you can feel more feminine, but also because it will improve the harmony of your body. Proportions are important! You will like to look at you again in the [\u2026]<\/p>\n<\/p><\/div><div class=\"vc_btn3-container vc_btn3-left\"><a class=\"vc_general vc_btn3 vc_btn3-size-md vc_btn3-shape-rounded vc_btn3-style-flat vc_btn3-color-juicy-pink\" a href=\"https:\/\/iplastdr.com\/en\/2022\/10\/02\/beneficios-de-una-operacion-de-aumento-de-mamas\/\" title=\"Read more\">Read more<\/a><\/div><\/div><\/div><\/div><\/div><\/div><div class=\"vc_clearfix\"><\/div><\/div><\/div><\/div>\n\t<\/div>\n<\/div><\/div><\/div><\/div><\/div>\n<\/section>","protected":false},"excerpt":{"rendered":"Importance of BMI and plastic surgery. The Body Mass Index (BMI) is an indicator used to assess whether a person is at a healthy weight based on their height. In the context of plastic surgery, BMI plays a crucial role in assessing a patient&#039;s suitability for certain procedures.","protected":false},"author":2,"featured_media":0,"parent":0,"menu_order":0,"comment_status":"closed","ping_status":"closed","template":"","meta":{"footnotes":""},"class_list":["post-936","page","type-page","status-publish","hentry"],"_links":{"self":[{"href":"https:\/\/iplastdr.com\/en\/wp-json\/wp\/v2\/pages\/936","targetHints":{"allow":["GET"]}}],"collection":[{"href":"https:\/\/iplastdr.com\/en\/wp-json\/wp\/v2\/pages"}],"about":[{"href":"https:\/\/iplastdr.com\/en\/wp-json\/wp\/v2\/types\/page"}],"author":[{"embeddable":true,"href":"https:\/\/iplastdr.com\/en\/wp-json\/wp\/v2\/users\/2"}],"replies":[{"embeddable":true,"href":"https:\/\/iplastdr.com\/en\/wp-json\/wp\/v2\/comments?post=936"}],"version-history":[{"count":1,"href":"https:\/\/iplastdr.com\/en\/wp-json\/wp\/v2\/pages\/936\/revisions"}],"predecessor-version":[{"id":1066,"href":"https:\/\/iplastdr.com\/en\/wp-json\/wp\/v2\/pages\/936\/revisions\/1066"}],"wp:attachment":[{"href":"https:\/\/iplastdr.com\/en\/wp-json\/wp\/v2\/media?parent=936"}],"curies":[{"name":"wp","href":"https:\/\/api.w.org\/{rel}","templated":true}]}}